{"id":30937,"date":"2019-05-10T18:59:56","date_gmt":"2019-05-10T16:59:56","guid":{"rendered":"http:\/\/avocatscriminalistes.ca\/?page_id=30937"},"modified":"2019-07-22T23:57:15","modified_gmt":"2019-07-22T21:57:15","slug":"archives-jean-dury-avocat-criminaliste","status":"publish","type":"page","link":"https:\/\/avocatscriminalistes.ca\/fr\/archives-jean-dury-avocat-criminaliste\/","title":{"rendered":"ARCHIVES JEAN DURY AVOCAT CRIMINALISTE"},"content":{"rendered":"<div class=\"wpb-content-wrapper\"><p>[vc_row full_width=\u00a0\u00bbstretch_row_content_no_spaces\u00a0\u00bb css=\u00a0\u00bb.vc_custom_1557510567489{background-color: #1a1a1a !important;}\u00a0\u00bb][vc_column][vc_empty_space height=\u00a0\u00bb111px\u00a0\u00bb][vc_column_text]<\/p>\n<h1 style=\"text-align: center;\"><span style=\"color: #999999;\"><strong>ARCHIVES<\/strong> <\/span><\/h1>\n<h2 style=\"text-align: center;\"><span style=\"color: #ffffff;\">Me JEAN DURY AVOCAT CRIMINALISTE<\/span><\/h2>\n<p>[\/vc_column_text][vc_masonry_media_grid element_width=\u00a0\u00bb2&Prime; gap=\u00a0\u00bb20&Prime; initial_loading_animation=\u00a0\u00bbnone\u00a0\u00bb grid_id=\u00a0\u00bbvc_gid:1557510653448-f3b497e5-6ea4-3&Prime; include=\u00a0\u00bb30959,30958,30957,30956,30955,30954,30953,30952,30951,30950,30949,30948,30947,30946,30945,30944,30943,30942,30941,30940,30939,30938,30936,30935,30934,30933,30932,30930,30929,30928,30927,30926,30925,30924,30923,30922,30921,30920,30919,30918,30917,30916,30915,30914,30913,30912,30911,30910,30909,30908,30907,30906,30905,30904,30903,30901,30900,30899,30898,30897,30896,30895,30894,30893,30892,30891,30890,30889,30888,30887,30886,30885,30884,30883,30882,30881,30880,30879,30878,30877,30876,30875,30874,30873,30872,30871,30870,30464,30465,30466,30467,30468,30469&Prime; css=\u00a0\u00bb.vc_custom_1557510604208{margin-right: 5% !important;margin-left: 5% !important;}\u00a0\u00bb][vc_empty_space height=\u00a0\u00bb111px\u00a0\u00bb][\/vc_column][\/vc_row]<\/p>\n<\/div>","protected":false},"excerpt":{"rendered":"<p>[vc_row full_width=\u00a0\u00bbstretch_row_content_no_spaces\u00a0\u00bb css=\u00a0\u00bb.vc_custom_1557510567489{background-color: #1a1a1a !important;}\u00a0\u00bb][vc_column][vc_empty_space height=\u00a0\u00bb111px\u00a0\u00bb][vc_column_text] ARCHIVES Me JEAN DURY AVOCAT CRIMINALISTE [\/vc_column_text][vc_masonry_media_grid element_width=\u00a0\u00bb2&Prime; gap=\u00a0\u00bb20&Prime; initial_loading_animation=\u00a0\u00bbnone\u00a0\u00bb grid_id=\u00a0\u00bbvc_gid:1557510653448-f3b497e5-6ea4-3&Prime; include=\u00a0\u00bb30959,30958,30957,30956,30955,30954,30953,30952,30951,30950,30949,30948,30947,30946,30945,30944,30943,30942,30941,30940,30939,30938,30936,30935,30934,30933,30932,30930,30929,30928,30927,30926,30925,30924,30923,30922,30921,30920,30919,30918,30917,30916,30915,30914,30913,30912,30911,30910,30909,30908,30907,30906,30905,30904,30903,30901,30900,30899,30898,30897,30896,30895,30894,30893,30892,30891,30890,30889,30888,30887,30886,30885,30884,30883,30882,30881,30880,30879,30878,30877,30876,30875,30874,30873,30872,30871,30870,30464,30465,30466,30467,30468,30469&Prime; css=\u00a0\u00bb.vc_custom_1557510604208{margin-right: 5%<\/p>\n","protected":false},"author":2,"featured_media":0,"parent":0,"menu_order":0,"comment_status":"closed","ping_status":"closed","template":"","meta":{"footnotes":""},"class_list":["post-30937","page","type-page","status-publish"],"yoast_head":"<!-- This site is optimized with the Yoast SEO plugin v26.9 - https:\/\/yoast.com\/product\/yoast-seo-wordpress\/ -->\n<title>ARCHIVES JEAN DURY AVOCAT CRIMINALISTE - Avocats Criminalistes<\/title>\n<meta name=\"description\" content=\"ARCHIVES Me JEAN DURY AVOCAT CRIMINALISTE sp\u00e9cialis\u00e9 dans les lois et r\u00e8glements concernant le cannabis, que ce soit li\u00e9 au droit criminel ou autre.\" \/>\n<meta name=\"robots\" content=\"index, follow, max-snippet:-1, max-image-preview:large, max-video-preview:-1\" \/>\n<link rel=\"canonical\" href=\"https:\/\/avocatscriminalistes.ca\/fr\/archives-jean-dury-avocat-criminaliste\/\" \/>\n<meta property=\"og:locale\" content=\"fr_FR\" \/>\n<meta property=\"og:type\" content=\"article\" \/>\n<meta property=\"og:title\" content=\"ARCHIVES JEAN DURY AVOCAT CRIMINALISTE - Avocats Criminalistes\" \/>\n<meta property=\"og:description\" content=\"ARCHIVES Me JEAN DURY AVOCAT CRIMINALISTE sp\u00e9cialis\u00e9 dans les lois et r\u00e8glements concernant le cannabis, que ce soit li\u00e9 au droit criminel ou autre.\" \/>\n<meta property=\"og:url\" content=\"https:\/\/avocatscriminalistes.ca\/fr\/archives-jean-dury-avocat-criminaliste\/\" \/>\n<meta property=\"og:site_name\" content=\"Avocats Criminalistes\" \/>\n<meta property=\"article:publisher\" content=\"https:\/\/www.facebook.com\/avocatscriminalistes\" \/>\n<meta property=\"article:modified_time\" content=\"2019-07-22T21:57:15+00:00\" \/>\n<meta property=\"og:image\" content=\"https:\/\/avocatscriminalistes.ca\/wp-content\/uploads\/2019\/03\/JeanetSamantha2.jpg\" \/>\n\t<meta property=\"og:image:width\" content=\"3544\" \/>\n\t<meta property=\"og:image:height\" content=\"1594\" \/>\n\t<meta property=\"og:image:type\" content=\"image\/jpeg\" \/>\n<meta name=\"twitter:card\" content=\"summary_large_image\" \/>\n<script type=\"application\/ld+json\" class=\"yoast-schema-graph\">{\"@context\":\"https:\/\/schema.org\",\"@graph\":[{\"@type\":\"WebPage\",\"@id\":\"https:\/\/avocatscriminalistes.ca\/fr\/archives-jean-dury-avocat-criminaliste\/\",\"url\":\"https:\/\/avocatscriminalistes.ca\/fr\/archives-jean-dury-avocat-criminaliste\/\",\"name\":\"ARCHIVES JEAN DURY AVOCAT CRIMINALISTE - Avocats Criminalistes\",\"isPartOf\":{\"@id\":\"https:\/\/avocatscriminalistes.ca\/fr\/#website\"},\"datePublished\":\"2019-05-10T16:59:56+00:00\",\"dateModified\":\"2019-07-22T21:57:15+00:00\",\"description\":\"ARCHIVES Me JEAN DURY AVOCAT CRIMINALISTE sp\u00e9cialis\u00e9 dans les lois et r\u00e8glements concernant le cannabis, que ce soit li\u00e9 au droit criminel ou autre.\",\"breadcrumb\":{\"@id\":\"https:\/\/avocatscriminalistes.ca\/fr\/archives-jean-dury-avocat-criminaliste\/#breadcrumb\"},\"inLanguage\":\"fr-FR\",\"potentialAction\":[{\"@type\":\"ReadAction\",\"target\":[\"https:\/\/avocatscriminalistes.ca\/fr\/archives-jean-dury-avocat-criminaliste\/\"]}]},{\"@type\":\"BreadcrumbList\",\"@id\":\"https:\/\/avocatscriminalistes.ca\/fr\/archives-jean-dury-avocat-criminaliste\/#breadcrumb\",\"itemListElement\":[{\"@type\":\"ListItem\",\"position\":1,\"name\":\"Accueil\",\"item\":\"https:\/\/avocatscriminalistes.ca\/fr\/\"},{\"@type\":\"ListItem\",\"position\":2,\"name\":\"ARCHIVES JEAN DURY AVOCAT CRIMINALISTE\"}]},{\"@type\":\"WebSite\",\"@id\":\"https:\/\/avocatscriminalistes.ca\/fr\/#website\",\"url\":\"https:\/\/avocatscriminalistes.ca\/fr\/\",\"name\":\"Avocats Criminalistes\",\"description\":\"Avocat Criminaliste Montr\u00e9al\",\"publisher\":{\"@id\":\"https:\/\/avocatscriminalistes.ca\/fr\/#organization\"},\"alternateName\":\"Me Jean Dury et Me Samantha Di Done,\",\"potentialAction\":[{\"@type\":\"SearchAction\",\"target\":{\"@type\":\"EntryPoint\",\"urlTemplate\":\"https:\/\/avocatscriminalistes.ca\/fr\/?s={search_term_string}\"},\"query-input\":{\"@type\":\"PropertyValueSpecification\",\"valueRequired\":true,\"valueName\":\"search_term_string\"}}],\"inLanguage\":\"fr-FR\"},{\"@type\":\"Organization\",\"@id\":\"https:\/\/avocatscriminalistes.ca\/fr\/#organization\",\"name\":\"Avocats Criminalistes\",\"alternateName\":\"Me Jean Dury et Me Samantha Di Done,\",\"url\":\"https:\/\/avocatscriminalistes.ca\/fr\/\",\"logo\":{\"@type\":\"ImageObject\",\"inLanguage\":\"fr-FR\",\"@id\":\"https:\/\/avocatscriminalistes.ca\/fr\/#\/schema\/logo\/image\/\",\"url\":\"https:\/\/avocatscriminalistes.ca\/wp-content\/uploads\/2019\/02\/Logo-AC-512.png\",\"contentUrl\":\"https:\/\/avocatscriminalistes.ca\/wp-content\/uploads\/2019\/02\/Logo-AC-512.png\",\"width\":512,\"height\":511,\"caption\":\"Avocats Criminalistes\"},\"image\":{\"@id\":\"https:\/\/avocatscriminalistes.ca\/fr\/#\/schema\/logo\/image\/\"},\"sameAs\":[\"https:\/\/www.facebook.com\/avocatscriminalistes\",\"https:\/\/www.linkedin.com\/in\/samantha-di-done-aa1b69180\/\"]}]}<\/script>\n<!-- \/ Yoast SEO plugin. -->","yoast_head_json":{"title":"ARCHIVES JEAN DURY AVOCAT CRIMINALISTE - Avocats Criminalistes","description":"ARCHIVES Me JEAN DURY AVOCAT CRIMINALISTE sp\u00e9cialis\u00e9 dans les lois et r\u00e8glements concernant le cannabis, que ce soit li\u00e9 au droit criminel ou autre.","robots":{"index":"index","follow":"follow","max-snippet":"max-snippet:-1","max-image-preview":"max-image-preview:large","max-video-preview":"max-video-preview:-1"},"canonical":"https:\/\/avocatscriminalistes.ca\/fr\/archives-jean-dury-avocat-criminaliste\/","og_locale":"fr_FR","og_type":"article","og_title":"ARCHIVES JEAN DURY AVOCAT CRIMINALISTE - Avocats Criminalistes","og_description":"ARCHIVES Me JEAN DURY AVOCAT CRIMINALISTE sp\u00e9cialis\u00e9 dans les lois et r\u00e8glements concernant le cannabis, que ce soit li\u00e9 au droit criminel ou autre.","og_url":"https:\/\/avocatscriminalistes.ca\/fr\/archives-jean-dury-avocat-criminaliste\/","og_site_name":"Avocats Criminalistes","article_publisher":"https:\/\/www.facebook.com\/avocatscriminalistes","article_modified_time":"2019-07-22T21:57:15+00:00","og_image":[{"width":3544,"height":1594,"url":"https:\/\/avocatscriminalistes.ca\/wp-content\/uploads\/2019\/03\/JeanetSamantha2.jpg","type":"image\/jpeg"}],"twitter_card":"summary_large_image","schema":{"@context":"https:\/\/schema.org","@graph":[{"@type":"WebPage","@id":"https:\/\/avocatscriminalistes.ca\/fr\/archives-jean-dury-avocat-criminaliste\/","url":"https:\/\/avocatscriminalistes.ca\/fr\/archives-jean-dury-avocat-criminaliste\/","name":"ARCHIVES JEAN DURY AVOCAT CRIMINALISTE - Avocats Criminalistes","isPartOf":{"@id":"https:\/\/avocatscriminalistes.ca\/fr\/#website"},"datePublished":"2019-05-10T16:59:56+00:00","dateModified":"2019-07-22T21:57:15+00:00","description":"ARCHIVES Me JEAN DURY AVOCAT CRIMINALISTE sp\u00e9cialis\u00e9 dans les lois et r\u00e8glements concernant le cannabis, que ce soit li\u00e9 au droit criminel ou autre.","breadcrumb":{"@id":"https:\/\/avocatscriminalistes.ca\/fr\/archives-jean-dury-avocat-criminaliste\/#breadcrumb"},"inLanguage":"fr-FR","potentialAction":[{"@type":"ReadAction","target":["https:\/\/avocatscriminalistes.ca\/fr\/archives-jean-dury-avocat-criminaliste\/"]}]},{"@type":"BreadcrumbList","@id":"https:\/\/avocatscriminalistes.ca\/fr\/archives-jean-dury-avocat-criminaliste\/#breadcrumb","itemListElement":[{"@type":"ListItem","position":1,"name":"Accueil","item":"https:\/\/avocatscriminalistes.ca\/fr\/"},{"@type":"ListItem","position":2,"name":"ARCHIVES JEAN DURY AVOCAT CRIMINALISTE"}]},{"@type":"WebSite","@id":"https:\/\/avocatscriminalistes.ca\/fr\/#website","url":"https:\/\/avocatscriminalistes.ca\/fr\/","name":"Avocats Criminalistes","description":"Avocat Criminaliste Montr\u00e9al","publisher":{"@id":"https:\/\/avocatscriminalistes.ca\/fr\/#organization"},"alternateName":"Me Jean Dury et Me Samantha Di Done,","potentialAction":[{"@type":"SearchAction","target":{"@type":"EntryPoint","urlTemplate":"https:\/\/avocatscriminalistes.ca\/fr\/?s={search_term_string}"},"query-input":{"@type":"PropertyValueSpecification","valueRequired":true,"valueName":"search_term_string"}}],"inLanguage":"fr-FR"},{"@type":"Organization","@id":"https:\/\/avocatscriminalistes.ca\/fr\/#organization","name":"Avocats Criminalistes","alternateName":"Me Jean Dury et Me Samantha Di Done,","url":"https:\/\/avocatscriminalistes.ca\/fr\/","logo":{"@type":"ImageObject","inLanguage":"fr-FR","@id":"https:\/\/avocatscriminalistes.ca\/fr\/#\/schema\/logo\/image\/","url":"https:\/\/avocatscriminalistes.ca\/wp-content\/uploads\/2019\/02\/Logo-AC-512.png","contentUrl":"https:\/\/avocatscriminalistes.ca\/wp-content\/uploads\/2019\/02\/Logo-AC-512.png","width":512,"height":511,"caption":"Avocats Criminalistes"},"image":{"@id":"https:\/\/avocatscriminalistes.ca\/fr\/#\/schema\/logo\/image\/"},"sameAs":["https:\/\/www.facebook.com\/avocatscriminalistes","https:\/\/www.linkedin.com\/in\/samantha-di-done-aa1b69180\/"]}]}},"_links":{"self":[{"href":"https:\/\/avocatscriminalistes.ca\/fr\/wp-json\/wp\/v2\/pages\/30937","targetHints":{"allow":["GET"]}}],"collection":[{"href":"https:\/\/avocatscriminalistes.ca\/fr\/wp-json\/wp\/v2\/pages"}],"about":[{"href":"https:\/\/avocatscriminalistes.ca\/fr\/wp-json\/wp\/v2\/types\/page"}],"author":[{"embeddable":true,"href":"https:\/\/avocatscriminalistes.ca\/fr\/wp-json\/wp\/v2\/users\/2"}],"replies":[{"embeddable":true,"href":"https:\/\/avocatscriminalistes.ca\/fr\/wp-json\/wp\/v2\/comments?post=30937"}],"version-history":[{"count":17,"href":"https:\/\/avocatscriminalistes.ca\/fr\/wp-json\/wp\/v2\/pages\/30937\/revisions"}],"predecessor-version":[{"id":30977,"href":"https:\/\/avocatscriminalistes.ca\/fr\/wp-json\/wp\/v2\/pages\/30937\/revisions\/30977"}],"wp:attachment":[{"href":"https:\/\/avocatscriminalistes.ca\/fr\/wp-json\/wp\/v2\/media?parent=30937"}],"curies":[{"name":"wp","href":"https:\/\/api.w.org\/{rel}","templated":true}]}}